{"id":30,"date":"2016-04-19T13:24:14","date_gmt":"2016-04-19T19:24:14","guid":{"rendered":"http:\/\/janhendrix.com.mx\/2016\/?page_id=30"},"modified":"2018-05-14T14:32:58","modified_gmt":"2018-05-14T20:32:58","slug":"aliados","status":"publish","type":"page","link":"https:\/\/janhendrix.com.mx\/2016\/en\/aliados\/","title":{"rendered":"Aliados"},"content":{"rendered":"<div class=\"intro\">\n<p align=\"justify\"><em>No suelo crear obras para una clientela determinada, ni doy un uso definido a cada artefacto, pero \u00faltimamente he tenido la oportunidad de ser \u00fatil a trav\u00e9s de la arquitectura, la creaci\u00f3n de obras para espacios p\u00fablicos, el dise\u00f1o de joyas y de objetos decorativos. Cuando me enfrento a estos espacios u objetos, tengo la sensaci\u00f3n de que pertenecen a esa zona indefinida en entre el arte y el dise\u00f1o, el arte y el espacio, la escultura y el dibujo. Y es en esas ocasiones cuando recurro al \u201cequipo ampliado\u201d: empresas y creativos con los que colaboro de manera recurrente, con el objetivo de crear y producir proyectos con un alto grado de complejidad.<\/em><\/p>\n<p><\/p>\n<div align=\"right\">Jan Hendrix<\/div>\n<\/div>\n<div class=\"item\">\n\t<img loading=\"lazy\" class=\"alignnone size-big-square wp-image-64\" src=\"http:\/\/janhendrix.com.mx\/2016\/wp-content\/uploads\/2016\/07\/HS_ALIADOS_Zahner.jpg\" alt=\"76aae5ba\" width=\"270\" height=\"270\" \/><\/p>\n<div class=\"description\">\n<h2>ZAHNER<\/h2>\n<div class=\"text\">\n<p align=\"justify\">Zahner es una empresa de ingenier\u00eda y fabricaci\u00f3n de renombre internacional que se especializa en la creaci\u00f3n de arte a medida y sistemas arquitect\u00f3nicos.<\/p>\n<p>Zahner Headquarters<br \/>1400 East 9th Street, Kansas City, MO, 64106, USA.<br \/>info@azahner.com<br \/><a href=\"http:\/\/www.azahner.com\/\" target=\"_blank\">www.azahner.com<\/a><\/p>\n<\/p><\/div>\n<\/p><\/div>\n<\/div>\n<div class=\"item\">\n\t<img loading=\"lazy\" class=\"alignnone size-big-square wp-image-63\" src=\"http:\/\/janhendrix.com.mx\/2016\/wp-content\/uploads\/2016\/07\/HS_ALIADOS_TPT.jpg\" alt=\"9a5de2500279decb165188e366b9cd5525c3a5ff0dc4e1d75b8f7031807bb1ff\" width=\"270\" height=\"270\" \/><\/p>\n<div class=\"description\">\n<h2>TPT GR\u00c1FICA | PABLO TORREALBA<\/h2>\n<div class=\"text\">\n<p align=\"justify\">TPT Gr\u00e1fica es un taller a puerta cerrada especializado en la edici\u00f3n e impresi\u00f3n de arte en serigraf\u00eda y digital dirigido por Pablo Torrealba. El taller cuenta con m\u00e1s de 30 a\u00f1os de experiencia colaborando con renombrados artistas, arquitectos, fot\u00f3grafos, muse\u00f3grafos, dise\u00f1adores y participando en proyectos culturales tanto a nivel nacional como internacional.<\/p>\n<p>Giotto 107, Col. Alfonso XIII, C.P. 01460, CDMX, M\u00e9xico.<br \/>info@tptgrafica.com<br \/><a href=\"http:\/\/www.tptgrafica.com\/\" target=\"_blank\">www.tptgrafica.com<\/a><\/p>\n<\/p><\/div>\n<\/p><\/div>\n<\/div>\n<div class=\"item\">\n\t<img loading=\"lazy\" class=\"alignnone size-big-square wp-image-66\" src=\"http:\/\/janhendrix.com.mx\/2016\/wp-content\/uploads\/2016\/07\/HS_ALIADOS_TCG.jpg\" alt=\"834d967e62a4d21e86859129c287d9006b5494f922b48bca681ba7b7e76ad545\" width=\"270\" height=\"270\" \/><\/p>\n<div class=\"description\">\n<h2>TALLER DE COMUNICACI\u00d3N GR\u00c1FICA<\/h2>\n<div class=\"text\">\n<p align=\"justify\">Taller de Comunicaci\u00f3n Gr\u00e1fica es una empresa dentro de la industria de dise\u00f1o gr\u00e1fico y de arte comercial en la Ciudad de M\u00e9xico fundada y dirigida por Uzyel Karp. TCG se especializa en proyectos editoriales para instituciones culturales y artistas.<\/p>\n<p>Colima 151_1<br \/>Col. Roma Norte, 06700, CDMX, M\u00e9xico.<\/p>\n<\/p><\/div>\n<\/p><\/div>\n<\/div>\n<div class=\"item\">\n\t<img loading=\"lazy\" class=\"alignnone size-big-square wp-image-66\" src=\"http:\/\/janhendrix.com.mx\/2016\/wp-content\/uploads\/2016\/07\/HS_ALIADOS_Factum_2.jpg\" alt=\"834d967e62a4d21e86859129c287d9006b5494f922b48bca681ba7b7e76ad545\" width=\"270\" height=\"270\" \/><\/p>\n<div class=\"description\">\n<h2>FACTUM ARTE<\/h2>\n<div class=\"text\">\n<p align=\"justify\">Con sede en Madrid, Mil\u00e1n y Londres, Factum Arte lo forman artistas, t\u00e9cnicos y conservadores dedicados a la mediaci\u00f3n digital, en la producci\u00f3n de obra de artistas contempor\u00e1neos y en la producci\u00f3n de facs\u00edmiles, como enfoque de un planteamiento coherente sobre conservaci\u00f3n y divulgaci\u00f3n.<\/p>\n<p>Albarracin No. 28, 28037, Madrid, Espa\u00f1a.<br \/>factum@factum-arte.com<br \/><a href=\"http:\/\/www.factum-arte.com\/\" target=\"_blank\">www.factum-arte.com<\/a><\/p>\n<\/p><\/div>\n<\/p><\/div>\n<\/div>\n<div class=\"item\">\n\t<img loading=\"lazy\" class=\"alignnone size-big-square wp-image-66\" src=\"http:\/\/janhendrix.com.mx\/2016\/wp-content\/uploads\/2016\/07\/HS_ALIADOS_Tane.jpg\" alt=\"834d967e62a4d21e86859129c287d9006b5494f922b48bca681ba7b7e76ad545\" width=\"270\" height=\"270\" \/><\/p>\n<div class=\"description\">\n<h2>TANE<\/h2>\n<div class=\"text\">\n<p align=\"justify\">TANE es una marca mexicana con 70 a\u00f1os de experiencia que se ha caracterizado por su enfoque en el dise\u00f1o en plata. Teniendo una estrecha relaci\u00f3n entre el arte y la actividad creativa se ha distinguido de otras marcas produciendo piezas \u00fanicas y de arte-objeto.<\/p>\n<p><a href=\"http:\/\/www.tane.com.mx\/\" target=\"_blank\">www.tane.com.mx<\/a><\/p>\n<\/p><\/div>\n<\/p><\/div>\n<\/div>\n<div class=\"item\">\n\t<img loading=\"lazy\" class=\"alignnone size-big-square wp-image-66\" src=\"http:\/\/janhendrix.com.mx\/2016\/wp-content\/uploads\/2016\/07\/HS_ALIADOS_Nouvel.jpg\" alt=\"834d967e62a4d21e86859129c287d9006b5494f922b48bca681ba7b7e76ad545\" width=\"270\" height=\"270\" \/><\/p>\n<div class=\"description\">\n<h2>NOUVEL STUDIO<\/h2>\n<div class=\"text\">\n<p align=\"justify\">En 1994, Nouvel Studio se origina y evoluciona como un taller art\u00edstico dedicado a la experimentaci\u00f3n y el desarrollo de proyectos con vidrio. Despu\u00e9s de varios a\u00f1os de perfeccionamiento de las t\u00e9cnicas utilizadas, los artesanos de planta se han convertido en expertos en manipular el vidrio, capaces de responder a cualquier necesidad y llevando a los proyectos a niveles inimaginables.<\/p>\n<p>info@nouvelstudio.com<br \/><a href=\"http:\/\/www.nouvelstudio.com\/\" target=\"_blank\">www.nouvelstudio.com<\/a><\/p>\n<\/p><\/div>\n<\/p><\/div>\n<\/div>\n<div class=\"item\">\n\t<img loading=\"lazy\" class=\"alignnone size-big-square wp-image-66\" src=\"http:\/\/janhendrix.com.mx\/2016\/wp-content\/uploads\/2016\/07\/HS_ALIADOS_Ten.jpg\" alt=\"834d967e62a4d21e86859129c287d9006b5494f922b48bca681ba7b7e76ad545\" width=\"270\" height=\"270\" \/><\/p>\n<div class=\"description\">\n<h2>TEN ARQUITECTOS<\/h2>\n<div class=\"text\">\n<p align=\"justify\">Despacho de arquitectura dirigido por Enrique Norton. Con 28 a\u00f1os de experiencia en centros culturales, industriales y residenciales, hoteles, museos, as\u00ed como desarrollos urbanos, plazas, parques y mobiliario, la oficina con sede en la Ciudad de M\u00e9xico y en Nueva York, realiza aproximaciones de paisaje, topograf\u00eda, territorio, ciudad, infraestructura y espacio p\u00fablico.<\/p>\n<p>Ciudad de M\u00e9xico (Cuernavaca 114 P\/B, Col. Condesa, 06140).<br \/>Nueva York (227 W 29th St 11th floor, NY, 10001).<br \/><a href=\"http:\/\/www.ten-arquitectos.com\/\" target=\"_blank\">www.ten-arquitectos.com<\/a><\/p>\n<\/p><\/div>\n<\/p><\/div>\n<\/div>\n","protected":false},"excerpt":{"rendered":"<p>No suelo crear obras para una clientela determinada, ni doy un uso definido a cada artefacto, pero \u00faltimamente he tenido la oportunidad de ser \u00fatil a trav\u00e9s de la arquitectura, la creaci\u00f3n de obras para espacios p\u00fablicos, el dise\u00f1o de joyas y de objetos decorativos. Cuando me enfrento a estos espacios u objetos, tengo la [&hellip;]<\/p>\n","protected":false},"author":1,"featured_media":0,"parent":0,"menu_order":0,"comment_status":"closed","ping_status":"closed","template":"","meta":[],"_links":{"self":[{"href":"https:\/\/janhendrix.com.mx\/2016\/en\/wp-json\/wp\/v2\/pages\/30"}],"collection":[{"href":"https:\/\/janhendrix.com.mx\/2016\/en\/wp-json\/wp\/v2\/pages"}],"about":[{"href":"https:\/\/janhendrix.com.mx\/2016\/en\/wp-json\/wp\/v2\/types\/page"}],"author":[{"embeddable":true,"href":"https:\/\/janhendrix.com.mx\/2016\/en\/wp-json\/wp\/v2\/users\/1"}],"replies":[{"embeddable":true,"href":"https:\/\/janhendrix.com.mx\/2016\/en\/wp-json\/wp\/v2\/comments?post=30"}],"version-history":[{"count":69,"href":"https:\/\/janhendrix.com.mx\/2016\/en\/wp-json\/wp\/v2\/pages\/30\/revisions"}],"predecessor-version":[{"id":2189,"href":"https:\/\/janhendrix.com.mx\/2016\/en\/wp-json\/wp\/v2\/pages\/30\/revisions\/2189"}],"wp:attachment":[{"href":"https:\/\/janhendrix.com.mx\/2016\/en\/wp-json\/wp\/v2\/media?parent=30"}],"curies":[{"name":"wp","href":"https:\/\/api.w.org\/{rel}","templated":true}]}}