{"id":148,"date":"2016-04-29T12:25:39","date_gmt":"2016-04-29T18:25:39","guid":{"rendered":"http:\/\/janhendrix.com.mx\/2016\/?page_id=148"},"modified":"2022-03-21T17:21:43","modified_gmt":"2022-03-21T23:21:43","slug":"estudio","status":"publish","type":"page","link":"https:\/\/janhendrix.com.mx\/2016\/es\/estudio\/","title":{"rendered":"HENDRIX+STUDIO"},"content":{"rendered":"<p>&nbsp;<\/p>\n<p>Hace algunos a\u00f1os, quiz\u00e1 unos cinco o seis, la pr\u00e1ctica art\u00edstica de Jan Hendrix cambi\u00f3 dram\u00e1ticamente, ya que empez\u00f3 a estar cada vez m\u00e1s involucrada con intervenciones de arquitectura de mayor escala, proyectos que requer\u00edan investigaci\u00f3n extensiva, estudios de escala, pruebas de materiales y soluciones con orientaci\u00f3n cient\u00edfica, de acuerdo con \u2013y en paralelo a\u2013 todo tipo de toma de decisiones tanto est\u00e9ticas como conceptuales.<\/p>\n<p>&nbsp;<\/p>\n<p>La repentina utilidad de la producci\u00f3n de Hendrix abri\u00f3 un nuevo cap\u00edtulo en su ya extensivo c\u00famulo de trabajo: 40 a\u00f1os de fotograf\u00eda y obra gr\u00e1fica adem\u00e1s de otras variedades de obra sobre papel. Surgi\u00f3 un nuevo reto, la producci\u00f3n como acto colectivo, es decir, expandir el <em>yo<\/em> del artista a ser el <em>nosotros<\/em> del equipo y a la vez hacer uso de procesos industriales que han sido y son a veces muy complejos.<\/p>\n<p>&nbsp;<\/p>\n<p>El ambiente del taller es distinto hoy en d\u00eda. Hendrix+Studio no es exactamente un taller de artista, ni el estudio de un arquitecto, y tampoco califica como estudio de dise\u00f1o. Se ha vuelto un espacio para poner a prueba prototipos no definidos y a peque\u00f1a escala, un lugar donde se estudian imposibilidades, todo tipo de soluciones que apenas aguantan la luz del d\u00eda, construcciones retra\u00eddas que prefieren estar en el estante en su fragilidad de triplay o acr\u00edlico, pregunt\u00e1ndose si alguna vez, m\u00e1s tarde o temprano, llegar\u00e1n a ser realizadas en su tama\u00f1o proyectado.<\/p>\n<p>&nbsp;<\/p>\n<p>Y es la persistencia y la solidaridad de este colectivo, dedicado a construir lo inconstruible, lo que hace que todo llegue a existir.<\/p>\n<p>&nbsp;<\/p>\n<p><div class=\"circle-grid\"><a class=\"circle-item fancybox\" href=\"https:\/\/janhendrix.com.mx\/2016\/wp-content\/uploads\/2016\/06\/HS_ESTUDIO_01.gif\" title=\"HENDRIX+STUDIO | Logotipo\" data-fancybox-group=\"gallery\"><div class=\"center\"><div class=\"centered\"><\/div><\/div><img src=\"https:\/\/janhendrix.com.mx\/2016\/wp-content\/uploads\/2016\/06\/HS_ESTUDIO_01-270x270.gif\" data-media=\"(min-width: 400px)\"><\/a><a class=\"circle-item fancybox\" href=\"https:\/\/janhendrix.com.mx\/2016\/wp-content\/uploads\/2016\/04\/HS_ESTUDIO_04.jpg\" title=\"HENDRIX+STUDIO | Muro | 2013\" data-fancybox-group=\"gallery\"><div class=\"center\"><div class=\"centered\"><\/div><\/div><img src=\"https:\/\/janhendrix.com.mx\/2016\/wp-content\/uploads\/2016\/04\/HS_ESTUDIO_04-270x270.jpg\" data-media=\"(min-width: 400px)\"><\/a><a class=\"circle-item fancybox\" href=\"https:\/\/janhendrix.com.mx\/2016\/wp-content\/uploads\/2016\/06\/HS_ESTUDIO_02.jpg\" title=\"HENDRIX+STUDIO | Patio central | 2013\" data-fancybox-group=\"gallery\"><div class=\"center\"><div class=\"centered\"><\/div><\/div><img src=\"https:\/\/janhendrix.com.mx\/2016\/wp-content\/uploads\/2016\/06\/HS_ESTUDIO_02-270x270.jpg\" data-media=\"(min-width: 400px)\"><\/a><a class=\"circle-item fancybox\" href=\"https:\/\/janhendrix.com.mx\/2016\/wp-content\/uploads\/2016\/06\/HS_ESTUDIO_03.jpg\" title=\"HENDRIX+STUDIO | Patio central | 2013\" data-fancybox-group=\"gallery\"><div class=\"center\"><div class=\"centered\"><\/div><\/div><img src=\"https:\/\/janhendrix.com.mx\/2016\/wp-content\/uploads\/2016\/06\/HS_ESTUDIO_03-270x270.jpg\" data-media=\"(min-width: 400px)\"><\/a><a class=\"circle-item fancybox\" href=\"https:\/\/janhendrix.com.mx\/2016\/wp-content\/uploads\/2016\/06\/HS_ESTUDIO_04.jpg\" title=\"\" data-fancybox-group=\"gallery\"><div class=\"center\"><div class=\"centered\"><\/div><\/div><img src=\"https:\/\/janhendrix.com.mx\/2016\/wp-content\/uploads\/2016\/06\/HS_ESTUDIO_04-270x270.jpg\" data-media=\"(min-width: 400px)\"><\/a><\/div><\/p>","protected":false},"excerpt":{"rendered":"<p>&nbsp; Hace algunos a\u00f1os, quiz\u00e1 unos cinco o seis, la pr\u00e1ctica art\u00edstica de Jan Hendrix cambi\u00f3 dram\u00e1ticamente, ya que empez\u00f3 a estar cada vez m\u00e1s involucrada con intervenciones de arquitectura de mayor escala, proyectos que requer\u00edan investigaci\u00f3n extensiva, estudios de escala, pruebas de materiales y soluciones con orientaci\u00f3n cient\u00edfica, de acuerdo con \u2013y en paralelo [&hellip;]<\/p>\n","protected":false},"author":1,"featured_media":0,"parent":0,"menu_order":0,"comment_status":"closed","ping_status":"closed","template":"","meta":[],"_links":{"self":[{"href":"https:\/\/janhendrix.com.mx\/2016\/es\/wp-json\/wp\/v2\/pages\/148"}],"collection":[{"href":"https:\/\/janhendrix.com.mx\/2016\/es\/wp-json\/wp\/v2\/pages"}],"about":[{"href":"https:\/\/janhendrix.com.mx\/2016\/es\/wp-json\/wp\/v2\/types\/page"}],"author":[{"embeddable":true,"href":"https:\/\/janhendrix.com.mx\/2016\/es\/wp-json\/wp\/v2\/users\/1"}],"replies":[{"embeddable":true,"href":"https:\/\/janhendrix.com.mx\/2016\/es\/wp-json\/wp\/v2\/comments?post=148"}],"version-history":[{"count":40,"href":"https:\/\/janhendrix.com.mx\/2016\/es\/wp-json\/wp\/v2\/pages\/148\/revisions"}],"predecessor-version":[{"id":3452,"href":"https:\/\/janhendrix.com.mx\/2016\/es\/wp-json\/wp\/v2\/pages\/148\/revisions\/3452"}],"wp:attachment":[{"href":"https:\/\/janhendrix.com.mx\/2016\/es\/wp-json\/wp\/v2\/media?parent=148"}],"curies":[{"name":"wp","href":"https:\/\/api.w.org\/{rel}","templated":true}]}}