{"id":26,"date":"2016-04-19T13:23:39","date_gmt":"2016-04-19T19:23:39","guid":{"rendered":"http:\/\/janhendrix.com.mx\/2016\/?page_id=26"},"modified":"2017-09-27T11:30:20","modified_gmt":"2017-09-27T17:30:20","slug":"contacto","status":"publish","type":"page","link":"https:\/\/janhendrix.com.mx\/2016\/es\/contacto\/","title":{"rendered":"Contacto"},"content":{"rendered":"<p><\/p>\n<div class=\"column\">\n<h2>HENDRIX+STUDIO<\/h2>\n<p>Tel\u00e9fono:<br \/>\n(+) 52 55 5525 8215<\/p>\n<p>Jan Hendrix<br \/>\n<a href=\"mailto:jan@janhendrix.com.mx\">jan@janhendrix.com.mx<\/a><\/p>\n<p>Sof\u00eda Encarnaci\u00f3n<br \/>\n<a href=\"mailto:asistente@janhendrix.com.mx\">asistente@janhendrix.com.mx<\/a><br \/>\n&nbsp;<br \/>\n&nbsp;<\/p>\n<\/div>\n<div class=\"column\">\n<h2>GALER\u00cdA DE ARTE MEXICANO<\/h2>\n<p>Tel\u00e9fonos: 5272 55 29 | 5272 5529<\/p>\n<p>Gob. Rafael Rebollar No. 43<br \/>\nCol. San Miguel Chapultepec, 11850, Cuidad de M\u00e9xico<\/p>\n<p>galeriadeartemexicano.com<br \/>\n<a href=\"mailto:info@artegam.com\">info@artegam.com<\/a><br \/>\n&nbsp;<br \/>\n&nbsp;<\/p>\n<h2>GALER\u00cdA GR\u00c1FICA LA CAJA NEGRA<\/h2>\n<p>Tel\u00e9fono: +91 310 43 60<\/p>\n<p>Fernando VI, 17 &#8211; 2\u00ba &#8211; 1<br \/>\n28004, Madrid, Espa\u00f1a<\/p>\n<p>lacajanegra.com<br \/>\n<a href=\"mailto:info@lacajanegra.com\">info@lacajanegra.com<\/a><br \/>\n&nbsp;<br \/>\n&nbsp;<\/p>\n<\/div>\n<p><\/p>","protected":false},"excerpt":{"rendered":"<p>HENDRIX+STUDIO Tel\u00e9fono: (+) 52 55 5525 8215 Jan Hendrix jan@janhendrix.com.mx Sof\u00eda Encarnaci\u00f3n asistente@janhendrix.com.mx &nbsp; &nbsp; GALER\u00cdA DE ARTE MEXICANO Tel\u00e9fonos: 5272 55 29 | 5272 5529 Gob. Rafael Rebollar No. 43 Col. San Miguel Chapultepec, 11850, Cuidad de M\u00e9xico galeriadeartemexicano.com info@artegam.com &nbsp; &nbsp; GALER\u00cdA GR\u00c1FICA LA CAJA NEGRA Tel\u00e9fono: +91 310 43 60 Fernando VI, [&hellip;]<\/p>\n","protected":false},"author":1,"featured_media":0,"parent":0,"menu_order":0,"comment_status":"closed","ping_status":"closed","template":"","meta":[],"_links":{"self":[{"href":"https:\/\/janhendrix.com.mx\/2016\/es\/wp-json\/wp\/v2\/pages\/26"}],"collection":[{"href":"https:\/\/janhendrix.com.mx\/2016\/es\/wp-json\/wp\/v2\/pages"}],"about":[{"href":"https:\/\/janhendrix.com.mx\/2016\/es\/wp-json\/wp\/v2\/types\/page"}],"author":[{"embeddable":true,"href":"https:\/\/janhendrix.com.mx\/2016\/es\/wp-json\/wp\/v2\/users\/1"}],"replies":[{"embeddable":true,"href":"https:\/\/janhendrix.com.mx\/2016\/es\/wp-json\/wp\/v2\/comments?post=26"}],"version-history":[{"count":30,"href":"https:\/\/janhendrix.com.mx\/2016\/es\/wp-json\/wp\/v2\/pages\/26\/revisions"}],"predecessor-version":[{"id":1663,"href":"https:\/\/janhendrix.com.mx\/2016\/es\/wp-json\/wp\/v2\/pages\/26\/revisions\/1663"}],"wp:attachment":[{"href":"https:\/\/janhendrix.com.mx\/2016\/es\/wp-json\/wp\/v2\/media?parent=26"}],"curies":[{"name":"wp","href":"https:\/\/api.w.org\/{rel}","templated":true}]}}